{"id":4235,"date":"2024-03-29T17:49:07","date_gmt":"2024-03-29T17:49:07","guid":{"rendered":"https:\/\/starmanportugal.com\/?page_id=4235"},"modified":"2026-03-15T14:27:51","modified_gmt":"2026-03-15T14:27:51","slug":"plataforma","status":"publish","type":"page","link":"https:\/\/starmanportugal.com\/es\/plataforma","title":{"rendered":"PLATAFORMA"},"content":{"rendered":"\n  \n    \n    <section class=\"u-align-center u-black u-clearfix u-section-2\" id=\"sec-51fc\">\n      <div class=\"u-clearfix u-custom-html u-expanded-width u-custom-html-1\">\n        <style> @font-face {\n    font-display: block;\n    font-family: Roboto;\n    src: url(https:\/\/assets.brevo.com\/font\/Roboto\/Latin\/normal\/normal\/7529907e9eaf8ebb5220c5f9850e3811.woff2) format(\"woff2\"), url(https:\/\/assets.brevo.com\/font\/Roboto\/Latin\/normal\/normal\/25c678feafdc175a70922a116c9be3e7.woff) format(\"woff\")\n  }\n  \/* FOR\u00c7AR TEXTO DIGITADO A PRETO - SELETOR REFOR\u00c7ADO *\/\n  #sib-container .sib-input .input {\n    color: #000000 !important;\n    -webkit-text-fill-color: #000000 !important;\n  }\n  #sib-container input:-ms-input-placeholder {\n    text-align: left;\n    font-family: Helvetica, sans-serif;\n    color: #c0ccda;\n  }\n  #sib-container input::placeholder {\n    text-align: left;\n    font-family: Helvetica, sans-serif;\n    color: #c0ccda;\n  }\n  #sib-container a {\n    text-decoration: underline;\n    color: #2BB2FC;\n  } <\/style>\n        <link rel=\"stylesheet\" href=\"https:\/\/sibforms.com\/forms\/end-form\/build\/sib-styles.css\">\n        <div class=\"sib-form\" style=\"text-align: center; background-color: #EFF2F7;\">\n          <div id=\"sib-form-container\" class=\"sib-form-container\">\n            <div id=\"error-message\" class=\"sib-form-message-panel\" style=\"font-size:16px; text-align:left; font-family:Helvetica, sans-serif; color:#661d1d; background-color:#ffeded; border-radius:3px; border-color:#ff4949;max-width:540px;\">\n              <div class=\"sib-form-message-panel__text sib-form-message-panel__text--center\">\n                <svg viewBox=\"0 0 512 512\" class=\"sib-icon sib-notification__icon\"><path d=\"M256 40c118.621 0 216 96.075 216 216 0 119.291-96.61 216-216 216-119.244 0-216-96.562-216-216 0-119.203 96.602-216 216-216m0-32C119.043 8 8 119.083 8 256c0 136.997 111.043 248 248 248s248-111.003 248-248C504 119.083 392.957 8 256 8zm-11.49 120h22.979c6.823 0 12.274 5.682 11.99 12.5l-7 168c-.268 6.428-5.556 11.5-11.99 11.5h-8.979c-6.433 0-11.722-5.073-11.99-11.5l-7-168c-.283-6.818 5.167-12.5 11.99-12.5zM256 340c-15.464 0-28 12.536-28 28s12.536 28 28 28 28-12.536 28-28-12.536-28-28-28z\"><\/path><\/svg>\n                <span class=\"sib-form-message-panel__inner-text\"> Tu suscripci\u00f3n no pudo ser validada. <\/span>\n              <\/div>\n            <\/div>\n            <div id=\"success-message\" class=\"sib-form-message-panel\" style=\"font-size:16px; text-align:left; font-family:Helvetica, sans-serif; color:#085229; background-color:#e7faf0; border-radius:3px; border-color:#13ce66;max-width:540px;\">\n              <div class=\"sib-form-message-panel__text sib-form-message-panel__text--center\">\n                <svg viewBox=\"0 0 512 512\" class=\"sib-icon sib-notification__icon\"><path d=\"M256 8C119.033 8 8 119.033 8 256s111.033 248 248 248 248-111.033 248-248S392.967 8 256 8zm0 464c-118.664 0-216-96.055-216-216 0-118.663 96.055-216 216-216 118.664 0 216 96.055 216 216 0 118.663-96.055 216-216 216zm141.63-274.961L217.15 376.071c-4.705 4.667-12.303 4.637-16.97-.068l-85.878-86.572c-4.667-4.705-4.637-12.303.068-16.97l8.52-8.451c4.705-4.667 12.303-4.637 16.97.068l68.976 69.533 163.441-162.13c4.705-4.667 12.303-4.637 16.97.068l8.451 8.52c4.668 4.705 4.637 12.303-.068 16.97z\"><\/path><\/svg>\n                <span class=\"sib-form-message-panel__inner-text\"> Gracias por suscribirte a nuestro bolet\u00edn. <\/span>\n              <\/div>\n            <\/div>\n            <div id=\"sib-container\" class=\"sib-container--large sib-container--vertical\" style=\"text-align:center; background-color:rgba(255,255,255,1); max-width:540px; border-radius:3px; border-width:1px; border-color:#C0CCD9; border-style:solid; direction:ltr\">\n              <form id=\"sib-form\" method=\"POST\" action=\"https:\/\/b7576f35.sibforms.com\/serve\/MUIFAM70khlzeimx1pt67Wl_Qww-HlkjUoDzzx5F-nmdHashPRuCyw_sH1PvsLYFYVgQyBdDPhCntlehKif1_ykJzmvG7NG6exWd_VoNFwLi1FUxyPZM-JvCeLbsBI2X-nw4c09PtwdJJqKaFxSei8Nc_bcQTlTkhIMEKh0jXNPaV72bAvSTbaOiloMtOJoFcOEM8LmuI4iarD5b\" data-type=\"subscription\">\n                <div style=\"padding: 8px 0;\">\n                  <div class=\"sib-form-block sib-image-form-block\" style=\"text-align: center\">\n                    <img decoding=\"async\" src=\"https:\/\/img.mailinblue.com\/3515289\/images\/content_library\/original\/699cdb63c82e3cfba7e70244.jpg\" style=\"width: 500px;height: 334px;\" alt=\"\" title=\"\">\n                  <\/div>\n                <\/div>\n                <div style=\"padding: 8px 0;\">\n                  <div class=\"sib-form-block\" style=\"font-size:32px; text-align:left; font-weight:700; font-family:Helvetica, sans-serif; color:#3C4858; background-color:transparent;\">\n                    <p>Newsletter<\/p>\n                  <\/div>\n                <\/div>\n                <div style=\"padding: 8px 0;\">\n                  <div class=\"sib-form-block\" style=\"font-size:16px; text-align:left; font-family:Helvetica, sans-serif; color:#3C4858; background-color:transparent;\">\n                    <div class=\"sib-text-form-block\">\n                      <p>\n                        <strong>\u00a1Suscr\u00edbete a nuestro bolet\u00edn y mantente al d\u00eda!<\/strong>\n                      <\/p>\n                    <\/div>\n                  <\/div>\n                <\/div>\n                <div style=\"padding: 8px 0;\">\n                  <div class=\"sib-form-block sib-input\">\n                    <div class=\"entry_block form__entry\">\n                      <div class=\"form__label-row\">\n                        <label class=\"entry__label\" style=\"font-weight: 700; text-align:left; font-size:16px; font-family:Helvetica, sans-serif; color:#3c4858;\" for=\"NOME\" data-required=\"*\">Nombre<\/label>\n                        <div class=\"entry__field\">\n                          <input class=\"input\" maxlength=\"200\" type=\"text\" id=\"NOME\" name=\"NOME\" autocomplete=\"off\" placeholder=\"Nombre\" data-required=\"true\" required=\"\">\n                        <\/div>\n                      <\/div>\n                      <label class=\"entry__error entry__error--primary\" style=\"font-size:16px; text-align:left; font-family:Helvetica, sans-serif; color:#661d1d; background-color:#ffeded; border-radius:3px; border-color:#ff4949;\"><\/label>\n                    <\/div>\n                  <\/div>\n                <\/div>\n                <div style=\"padding: 8px 0;\">\n                  <div class=\"sib-form-block sib-input\">\n                    <div class=\"entry_block form__entry\">\n                      <div class=\"form__label-row\">\n                        <label class=\"entry__label\" style=\"font-weight: 700; text-align:left; font-size:16px; font-family:Helvetica, sans-serif; color:#3c4858;\" for=\"EMAIL\" data-required=\"*\">Correo electr\u00f3nico<\/label>\n                        <div class=\"entry__field\">\n                          <input class=\"input\" type=\"text\" id=\"EMAIL\" name=\"EMAIL\" autocomplete=\"off\" placeholder=\"Correo electr\u00f3nico\" data-required=\"true\" required=\"\">\n                        <\/div>\n                      <\/div>\n                      <label class=\"entry__error entry__error--primary\" style=\"font-size:16px; text-align:left; font-family:Helvetica, sans-serif; color:#661d1d; background-color:#ffeded; border-radius:3px; border-color:#ff4949;\"><\/label>\n                      <label class=\"entry__specification\" style=\"font-size:12px; text-align:left; font-family:Helvetica, sans-serif; color:#8390A4;\"> Ingresa tu correo electr\u00f3nico para suscribirte. Por exemplo: abc@xyz.com <\/label>\n                    <\/div>\n                  <\/div>\n                <\/div>\n                <div style=\"padding: 8px 0;\">\n                  <div class=\"sib-form-block\" style=\"text-align: center\">\n                    <button class=\"sib-form-block__button sib-form-block__button-with-loader\" style=\"font-size:16px; text-align:center; font-weight:700; font-family:Helvetica, sans-serif; color:#FFFFFF; background-color:#3E4857; border-radius:3px; border-width:0px;\" form=\"sib-form\" type=\"submit\">\n                      <svg class=\"icon clickable__icon progress-indicator__icon sib-hide-loader-icon\" viewBox=\"0 0 512 512\"><path d=\"M460.116 373.846l-20.823-12.022c-5.541-3.199-7.54-10.159-4.663-15.874 30.137-59.886 28.343-131.652-5.386-189.946-33.641-58.394-94.896-95.833-161.827-99.676C261.028 55.961 256 50.751 256 44.352V20.309c0-6.904 5.808-12.337 12.703-11.982 83.556 4.306 160.163 50.864 202.11 123.677 42.063 72.696 44.079 162.316 6.031 236.832-3.14 6.148-10.75 8.461-16.728 5.01z\"><\/path><\/svg> SUSCRIBIRSE \n                    <\/button>\n                  <\/div>\n                <\/div>\n                <input type=\"text\" name=\"email_address_check\" value=\"\" class=\"input--hidden\">\n                <input type=\"hidden\" name=\"locale\" value=\"pt\">\n              <\/form>\n            <\/div>\n          <\/div>\n        <\/div>\n        <script> window.REQUIRED_CODE_ERROR_MESSAGE = 'Escolha um c\u00f3digo de pa\u00eds';\n  window.LOCALE = 'pt';\n  window.EMAIL_INVALID_MESSAGE = window.SMS_INVALID_MESSAGE = \"La informaci\u00f3n proporcionada no es v\u00e1lida. Verifica el formato del campo e int\u00e9ntalo de nuevo.\";\n  window.REQUIRED_ERROR_MESSAGE = \"Este campo no puede dejarse en blanco. \";\n  window.GENERIC_INVALID_MESSAGE = \"La informaci\u00f3n proporcionada no es v\u00e1lida. Verifica el formato del campo e int\u00e9ntalo de nuevo.\";\n  var AUTOHIDE = Boolean(0); <\/script>\n        <script defer=\"defer\" src=\"https:\/\/sibforms.com\/forms\/end-form\/build\/main.js\"><\/script>\n      <\/div>\n    <\/section>\n    \n    \n    \n    \n    \n  \n","protected":false},"excerpt":{"rendered":"<p>Tu suscripci\u00f3n no pudo ser validada. Gracias por suscribirte a nuestro bolet\u00edn. Newsletter \u00a1Suscr\u00edbete a nuestro bolet\u00edn y mantente al d\u00eda! Nombre Correo electr\u00f3nico Ingresa tu correo electr\u00f3nico para suscribirte. Por exemplo: abc@xyz.com SUSCRIBIRSE<\/p>\n","protected":false},"author":1,"featured_media":0,"parent":0,"menu_order":0,"comment_status":"closed","ping_status":"closed","template":"","meta":{"footnotes":""},"class_list":["post-4235","page","type-page","status-publish","hentry"],"yoast_head":"<!-- This site is optimized with the Yoast SEO plugin v27.1.1 - https:\/\/yoast.com\/product\/yoast-seo-wordpress\/ -->\n<title>PLATAFORMA - STARMAN Portugal<\/title>\n<meta name=\"robots\" content=\"index, follow, max-snippet:-1, max-image-preview:large, max-video-preview:-1\" \/>\n<link rel=\"canonical\" href=\"https:\/\/starmanportugal.com\/es\/plataforma\" \/>\n<meta property=\"og:locale\" content=\"pt_PT\" \/>\n<meta property=\"og:type\" content=\"article\" \/>\n<meta property=\"og:title\" content=\"PLATAFORMA - STARMAN Portugal\" \/>\n<meta property=\"og:description\" content=\"Tu suscripci\u00f3n no pudo ser validada. Gracias por suscribirte a nuestro bolet\u00edn. Newsletter \u00a1Suscr\u00edbete a nuestro bolet\u00edn y mantente al d\u00eda! Nombre Correo electr\u00f3nico Ingresa tu correo electr\u00f3nico para suscribirte. Por exemplo: abc@xyz.com SUSCRIBIRSE\" \/>\n<meta property=\"og:url\" content=\"https:\/\/starmanportugal.com\/es\/plataforma\" \/>\n<meta property=\"og:site_name\" content=\"STARMAN Portugal\" \/>\n<meta property=\"article:publisher\" content=\"https:\/\/www.facebook.com\/STARMANPortugal\/\" \/>\n<meta property=\"article:modified_time\" content=\"2026-03-15T14:27:51+00:00\" \/>\n<meta name=\"twitter:card\" content=\"summary_large_image\" \/>\n<meta name=\"twitter:label1\" content=\"Tempo estimado de leitura\" \/>\n\t<meta name=\"twitter:data1\" content=\"1 minuto\" \/>\n<script type=\"application\/ld+json\" class=\"yoast-schema-graph\">{\"@context\":\"https:\/\/schema.org\",\"@graph\":[{\"@type\":\"WebPage\",\"@id\":\"https:\/\/starmanportugal.com\/es\/plataforma\",\"url\":\"https:\/\/starmanportugal.com\/es\/plataforma\",\"name\":\"PLATAFORMA - STARMAN Portugal\",\"isPartOf\":{\"@id\":\"https:\/\/starmanportugal.com\/es\/#website\"},\"datePublished\":\"2024-03-29T17:49:07+00:00\",\"dateModified\":\"2026-03-15T14:27:51+00:00\",\"breadcrumb\":{\"@id\":\"https:\/\/starmanportugal.com\/es\/plataforma#breadcrumb\"},\"inLanguage\":\"pt-PT\",\"potentialAction\":[{\"@type\":\"ReadAction\",\"target\":[\"https:\/\/starmanportugal.com\/es\/plataforma\"]}]},{\"@type\":\"BreadcrumbList\",\"@id\":\"https:\/\/starmanportugal.com\/es\/plataforma#breadcrumb\",\"itemListElement\":[{\"@type\":\"ListItem\",\"position\":1,\"name\":\"In\u00edcio\",\"item\":\"https:\/\/starmanportugal.com\/es\/\"},{\"@type\":\"ListItem\",\"position\":2,\"name\":\"PLATAFORMA\"}]},{\"@type\":\"WebSite\",\"@id\":\"https:\/\/starmanportugal.com\/es\/#website\",\"url\":\"https:\/\/starmanportugal.com\/es\/\",\"name\":\"STARMAN Portugal\",\"description\":\"STARMAN NIGHT TRIATHLON\",\"publisher\":{\"@id\":\"https:\/\/starmanportugal.com\/es\/#organization\"},\"potentialAction\":[{\"@type\":\"SearchAction\",\"target\":{\"@type\":\"EntryPoint\",\"urlTemplate\":\"https:\/\/starmanportugal.com\/es\/?s={search_term_string}\"},\"query-input\":{\"@type\":\"PropertyValueSpecification\",\"valueRequired\":true,\"valueName\":\"search_term_string\"}}],\"inLanguage\":\"pt-PT\"},{\"@type\":\"Organization\",\"@id\":\"https:\/\/starmanportugal.com\/es\/#organization\",\"name\":\"STARMAN Portugal\",\"url\":\"https:\/\/starmanportugal.com\/es\/\",\"logo\":{\"@type\":\"ImageObject\",\"inLanguage\":\"pt-PT\",\"@id\":\"https:\/\/starmanportugal.com\/es\/#\/schema\/logo\/image\/\",\"url\":\"https:\/\/starmanportugal.com\/es\/wp-content\/uploads\/2020\/12\/favicon-1.ico\",\"contentUrl\":\"https:\/\/starmanportugal.com\/es\/wp-content\/uploads\/2020\/12\/favicon-1.ico\",\"width\":48,\"height\":48,\"caption\":\"STARMAN Portugal\"},\"image\":{\"@id\":\"https:\/\/starmanportugal.com\/es\/#\/schema\/logo\/image\/\"},\"sameAs\":[\"https:\/\/www.facebook.com\/STARMANPortugal\/\",\"https:\/\/www.instagram.com\/starman_portugal\/\"]}]}<\/script>\n<!-- \/ Yoast SEO plugin. -->","yoast_head_json":{"title":"PLATAFORMA - STARMAN Portugal","robots":{"index":"index","follow":"follow","max-snippet":"max-snippet:-1","max-image-preview":"max-image-preview:large","max-video-preview":"max-video-preview:-1"},"canonical":"https:\/\/starmanportugal.com\/es\/plataforma","og_locale":"pt_PT","og_type":"article","og_title":"PLATAFORMA - STARMAN Portugal","og_description":"Tu suscripci\u00f3n no pudo ser validada. Gracias por suscribirte a nuestro bolet\u00edn. Newsletter \u00a1Suscr\u00edbete a nuestro bolet\u00edn y mantente al d\u00eda! Nombre Correo electr\u00f3nico Ingresa tu correo electr\u00f3nico para suscribirte. Por exemplo: abc@xyz.com SUSCRIBIRSE","og_url":"https:\/\/starmanportugal.com\/es\/plataforma","og_site_name":"STARMAN Portugal","article_publisher":"https:\/\/www.facebook.com\/STARMANPortugal\/","article_modified_time":"2026-03-15T14:27:51+00:00","twitter_card":"summary_large_image","twitter_misc":{"Tempo estimado de leitura":"1 minuto"},"schema":{"@context":"https:\/\/schema.org","@graph":[{"@type":"WebPage","@id":"https:\/\/starmanportugal.com\/es\/plataforma","url":"https:\/\/starmanportugal.com\/es\/plataforma","name":"PLATAFORMA - STARMAN Portugal","isPartOf":{"@id":"https:\/\/starmanportugal.com\/es\/#website"},"datePublished":"2024-03-29T17:49:07+00:00","dateModified":"2026-03-15T14:27:51+00:00","breadcrumb":{"@id":"https:\/\/starmanportugal.com\/es\/plataforma#breadcrumb"},"inLanguage":"pt-PT","potentialAction":[{"@type":"ReadAction","target":["https:\/\/starmanportugal.com\/es\/plataforma"]}]},{"@type":"BreadcrumbList","@id":"https:\/\/starmanportugal.com\/es\/plataforma#breadcrumb","itemListElement":[{"@type":"ListItem","position":1,"name":"In\u00edcio","item":"https:\/\/starmanportugal.com\/es\/"},{"@type":"ListItem","position":2,"name":"PLATAFORMA"}]},{"@type":"WebSite","@id":"https:\/\/starmanportugal.com\/es\/#website","url":"https:\/\/starmanportugal.com\/es\/","name":"STARMAN Portugal","description":"STARMAN NIGHT TRIATHLON","publisher":{"@id":"https:\/\/starmanportugal.com\/es\/#organization"},"potentialAction":[{"@type":"SearchAction","target":{"@type":"EntryPoint","urlTemplate":"https:\/\/starmanportugal.com\/es\/?s={search_term_string}"},"query-input":{"@type":"PropertyValueSpecification","valueRequired":true,"valueName":"search_term_string"}}],"inLanguage":"pt-PT"},{"@type":"Organization","@id":"https:\/\/starmanportugal.com\/es\/#organization","name":"STARMAN Portugal","url":"https:\/\/starmanportugal.com\/es\/","logo":{"@type":"ImageObject","inLanguage":"pt-PT","@id":"https:\/\/starmanportugal.com\/es\/#\/schema\/logo\/image\/","url":"https:\/\/starmanportugal.com\/es\/wp-content\/uploads\/2020\/12\/favicon-1.ico","contentUrl":"https:\/\/starmanportugal.com\/es\/wp-content\/uploads\/2020\/12\/favicon-1.ico","width":48,"height":48,"caption":"STARMAN Portugal"},"image":{"@id":"https:\/\/starmanportugal.com\/es\/#\/schema\/logo\/image\/"},"sameAs":["https:\/\/www.facebook.com\/STARMANPortugal\/","https:\/\/www.instagram.com\/starman_portugal\/"]}]}},"_links":{"self":[{"href":"https:\/\/starmanportugal.com\/es\/wp-json\/wp\/v2\/pages\/4235","targetHints":{"allow":["GET"]}}],"collection":[{"href":"https:\/\/starmanportugal.com\/es\/wp-json\/wp\/v2\/pages"}],"about":[{"href":"https:\/\/starmanportugal.com\/es\/wp-json\/wp\/v2\/types\/page"}],"author":[{"embeddable":true,"href":"https:\/\/starmanportugal.com\/es\/wp-json\/wp\/v2\/users\/1"}],"replies":[{"embeddable":true,"href":"https:\/\/starmanportugal.com\/es\/wp-json\/wp\/v2\/comments?post=4235"}],"version-history":[{"count":8,"href":"https:\/\/starmanportugal.com\/es\/wp-json\/wp\/v2\/pages\/4235\/revisions"}],"predecessor-version":[{"id":4703,"href":"https:\/\/starmanportugal.com\/es\/wp-json\/wp\/v2\/pages\/4235\/revisions\/4703"}],"wp:attachment":[{"href":"https:\/\/starmanportugal.com\/es\/wp-json\/wp\/v2\/media?parent=4235"}],"curies":[{"name":"wp","href":"https:\/\/api.w.org\/{rel}","templated":true}]}}