{"id":2326,"date":"2022-03-09T21:46:39","date_gmt":"2022-03-09T21:46:39","guid":{"rendered":"https:\/\/starmanportugal.com\/valor-da-inscricao"},"modified":"2026-03-03T20:40:39","modified_gmt":"2026-03-03T20:40:39","slug":"valor-da-inscricao","status":"publish","type":"page","link":"https:\/\/starmanportugal.com\/es\/valor-da-inscricao","title":{"rendered":"VALOR DA INSCRI\u00c7\u00c3O"},"content":{"rendered":"\n  \n    \n    <section class=\"u-black u-clearfix u-section-2\" id=\"carousel_4c6fn\">\n      <div class=\"u-clearfix u-sheet u-valign-top u-sheet-1\">\n        <div class=\"u-expanded-width u-list u-list-1\">\n          <div class=\"u-repeater u-repeater-1\">\n            <div class=\"u-container-style u-list-item u-repeater-item u-shape-rectangle\">\n              <div class=\"u-container-layout u-similar-container u-valign-middle-md u-valign-middle-sm u-valign-middle-xs u-container-layout-1\">\n                <img decoding=\"async\" alt=\"\" class=\"u-expanded-width u-image u-image-default u-image-1\" src=\"https:\/\/starmanportugal.com\/es\/wp-content\/uploads\/2022\/03\/STARMANPORTUGALSWIM.jpg\" data-image-width=\"1600\" data-image-height=\"1067\">\n                <div class=\"u-align-center u-black u-container-style u-expanded-width u-group u-group-1\">\n                  <div class=\"u-container-layout u-valign-top u-container-layout-2\">\n                    <h4 class=\"u-text u-text-body-alt-color u-text-1\">MEDIA DISTANCIA - INDIVIDUAL<\/h4>\n                    <p class=\"u-align-center-lg u-align-center-md u-align-center-sm u-align-center-xs u-text u-text-2\" spellcheck=\"false\"> HASTA EL 31 DE MARZO<br> 110 \u20ac&nbsp;<br>\n                      <br> DEL 1 DE ABRIL AL 31 DE MAYO<br> 120 \u20ac&nbsp;<br>\n                      <br> DEL 1 AL 30 DE JUNIO<br>140 \u20ac&nbsp;<br>\n                      <br>\u00daLTIMA HORA<br> (secretar\u00eda de la prueba)<br> 170 \u20ac&nbsp;<br>\n                      <br>DISTANCIA OL\u00cdMPICA - INDIVIDUAL&nbsp;<br>\n                      <br> HASTA EL 31 DE MARZO<br>75 \u20ac&nbsp;<br>\n                      <br> DEL 1 DE ABRIL AL 31 DE MAYO<br>85 \u20ac<br> DEL 1 AL 30 DE JUNIO<br>105 \u20ac&nbsp;<br>\n                      <br>\u00daLTIMA HORA<br> (secretar\u00eda de la prueba)<br> 125 \u20ac\n                    <\/p>\n                    <a href=\"https:\/\/www.bol.pt\/Comprar\/Bilhetes\/173111-starman_portugal_alentejo_2026-barragem_do_pisao\/?lang=es-ES\" class=\"u-active-none u-border-hover-palette-2-base u-border-none u-border-white u-btn u-btn-rectangle u-button-style u-hover-none u-text-active-palette-1-base u-text-body-color u-text-hover-palette-1-base u-white u-btn-1\"> Inscr\u00edbete<\/a>\n                  <\/div>\n                <\/div>\n              <\/div>\n            <\/div>\n            <div class=\"u-container-style u-list-item u-repeater-item u-shape-rectangle\" data-href=\"https:\/\/www.bol.pt\/Comprar\/Bilhetes\/173111-starman_portugal_alentejo_2026-barragem_do_pisao\/?lang=es-ES\">\n              <div class=\"u-container-layout u-similar-container u-valign-middle-md u-valign-middle-sm u-valign-middle-xs u-container-layout-3\">\n                <img decoding=\"async\" alt=\"\" class=\"u-expanded-width u-image u-image-default u-image-2\" src=\"https:\/\/starmanportugal.com\/es\/wp-content\/uploads\/2022\/03\/32447456957_b1ff0b073c_o-27.jpg\" data-image-width=\"1545\" data-image-height=\"1091\">\n                <div class=\"u-align-center u-black u-container-style u-expanded-width u-group u-group-2\">\n                  <div class=\"u-container-layout u-valign-top u-container-layout-4\">\n                    <h4 class=\"u-text u-text-body-alt-color u-text-3\">MEDIA DISTANCIA - RELEVOS<\/h4>\n                    <p class=\"u-align-center-lg u-align-center-md u-align-center-sm u-align-center-xs u-text u-text-4\" spellcheck=\"false\"> HASTA EL 31 DE MARZO<br>2 Miembros<br> 130 \u20ac<br> 3 Miembros<br> 165 \u20ac<br>\n                      <br> DEL 1 DE ABRIL AL 31 DE MAYO<br>2 Miembros<br> 140 \u20ac<br> 3 Miembros<br> 180 \u20ac&nbsp;<br>\n                      <br> DEL 1 AL 30 DE JUNIO<br>2 Miembros<br> 160 \u20ac<br> 3 Miembros<br> 210 \u20ac&nbsp;<br>\n                      <br>\u00daLTIMA HORA<br> (secretar\u00eda de la prueba)<br> 2 Miembros<br> 200 \u20ac<br> 3 Miembros<br> 240 \u20ac&nbsp;<br>\n                      <br>DISTANCIA OL\u00cdMPICA - RELEVOS\nHASTA&nbsp;<br>\n                      <br> HASTA EL 31 DE MARZO<br>2 Miembros<br> 90 \u20ac<br> 3 Miembros<br> 120 \u20ac&nbsp;<br>\n                      <br> DEL 1 DE ABRIL AL 31 DE MAYO<br>2 Miembros<br> 100 \u20ac<br> 3 Miembros<br> 135 \u20ac&nbsp;<br>\n                      <br>DEL 1 AL 30 DE JUNIO<br> 2 Miembros<br> 120 \u20ac<br> 3 Miembros<br> 150 \u20ac<br>\n                      <br>&nbsp;\u00daLTIMA HORA<br> (secretar\u00eda de la prueba)<br> 2 Miembros<br> 140 \u20ac<br> 3 Miembros<br> 180 \u20ac&nbsp;&nbsp;<br>\n                    <\/p>\n                    <a href=\"https:\/\/www.bol.pt\/Comprar\/Bilhetes\/173111-starman_portugal_alentejo_2026-barragem_do_pisao\/?lang=es-ES\" class=\"u-active-none u-border-hover-palette-2-base u-border-none u-border-white u-btn u-btn-rectangle u-button-style u-hover-none u-text-active-palette-1-base u-text-body-color u-text-hover-palette-1-base u-white u-btn-2\"> Inscr\u00edbete<\/a>\n                  <\/div>\n                <\/div>\n              <\/div>\n            <\/div>\n            <div class=\"u-container-style u-list-item u-repeater-item u-shape-rectangle\">\n              <div class=\"u-container-layout u-similar-container u-valign-middle-md u-valign-middle-sm u-valign-middle-xs u-container-layout-5\">\n                <img decoding=\"async\" alt=\"\" class=\"u-expanded-width u-image u-image-default u-image-3\" src=\"https:\/\/starmanportugal.com\/es\/wp-content\/uploads\/2022\/03\/Manwithnightlight-28.jpg\" data-image-width=\"1200\" data-image-height=\"675\">\n                <div class=\"u-align-center u-black u-container-style u-expanded-width u-group u-group-3\">\n                  <div class=\"u-container-layout u-valign-top u-container-layout-6\">\n                    <h4 class=\"u-text u-text-body-alt-color u-text-5\"> NO FEDERADO<\/h4>\n                    <p class=\"u-align-center-lg u-align-center-md u-align-center-sm u-align-center-xs u-text u-text-6\"> Para las inscripciones que incluyan atletas no federados, se a\u00f1adir\u00e1 una cuota diaria de 15 euros por atleta. Este coste se cobrar\u00e1 en el momento de la entrega del kit del atleta en la secretar\u00eda de la carrera. En el caso de atletas federados FTP, deber\u00e1n facilitar su n\u00famero de licencia.<br>\n                      <br>\n                    <\/p>\n                    <a href=\"https:\/\/www.bol.pt\/Comprar\/Bilhetes\/173111-starman_portugal_alentejo_2026-barragem_do_pisao\/?lang=es-ES\" class=\"u-active-none u-border-hover-palette-2-base u-border-none u-border-white u-btn u-btn-rectangle u-button-style u-hover-none u-text-active-palette-1-base u-text-body-color u-text-hover-palette-1-base u-white u-btn-3\" target=\"_blank\"> Inscr\u00edbete<\/a>\n                  <\/div>\n                <\/div>\n              <\/div>\n            <\/div>\n          <\/div>\n        <\/div>\n        <p class=\"u-align-center u-text u-text-7\">&nbsp; La inscripci\u00f3n incluye:&nbsp;<br>Participaci\u00f3n y clasificaci\u00f3n en la prueba inscrita\nCamiseta de Finisher&nbsp;<br>Medalla de Finisher&nbsp;<br>Oferta de marca&nbsp;<br>Gorra para nataci\u00f3n y glowstikes&nbsp;<br>N\u00famero de dorsal y chip*<br>Avituallamiento (s\u00f3lido y l\u00edquido)<br>Seguro de accidentes personales.<br>&nbsp;*(chip a devolver al Checkout, en el Parque de Transici\u00f3n)<br>\n        <\/p>\n      <\/div>\n    <\/section>\n    \n    \n    \n    \n    \n  \n","protected":false},"excerpt":{"rendered":"<p>MEDIA DISTANCIA &#8211; INDIVIDUAL HASTA EL 31 DE MARZO 110 \u20ac&nbsp; DEL 1 DE ABRIL AL 31 DE MAYO 120 \u20ac&nbsp; DEL 1 AL 30 DE JUNIO140 \u20ac&nbsp; \u00daLTIMA HORA (secretar\u00eda de la prueba) 170 \u20ac&nbsp; DISTANCIA OL\u00cdMPICA &#8211; INDIVIDUAL&nbsp; HASTA EL 31 DE MARZO75 \u20ac&nbsp; DEL 1 DE ABRIL AL 31 DE MAYO85 \u20ac &hellip; <a href=\"https:\/\/starmanportugal.com\/es\/valor-da-inscricao\" class=\"more-link\">Continue reading<span class=\"screen-reader-text\"> &#8220;VALOR DA INSCRI\u00c7\u00c3O&#8221;<\/span><\/a><\/p>\n","protected":false},"author":1,"featured_media":0,"parent":0,"menu_order":7,"comment_status":"closed","ping_status":"closed","template":"","meta":{"footnotes":""},"class_list":["post-2326","page","type-page","status-publish","hentry"],"yoast_head":"<!-- This site is optimized with the Yoast SEO plugin v27.1.1 - https:\/\/yoast.com\/product\/yoast-seo-wordpress\/ -->\n<title>VALOR DA INSCRI\u00c7\u00c3O - STARMAN Portugal<\/title>\n<meta name=\"robots\" content=\"index, follow, max-snippet:-1, max-image-preview:large, max-video-preview:-1\" \/>\n<link rel=\"canonical\" href=\"https:\/\/starmanportugal.com\/es\/valor-da-inscricao\" \/>\n<meta property=\"og:locale\" content=\"pt_PT\" \/>\n<meta property=\"og:type\" content=\"article\" \/>\n<meta property=\"og:title\" content=\"VALOR DA INSCRI\u00c7\u00c3O - STARMAN Portugal\" \/>\n<meta property=\"og:description\" content=\"MEDIA DISTANCIA - INDIVIDUAL HASTA EL 31 DE MARZO 110 \u20ac&nbsp; DEL 1 DE ABRIL AL 31 DE MAYO 120 \u20ac&nbsp; DEL 1 AL 30 DE JUNIO140 \u20ac&nbsp; \u00daLTIMA HORA (secretar\u00eda de la prueba) 170 \u20ac&nbsp; DISTANCIA OL\u00cdMPICA - INDIVIDUAL&nbsp; HASTA EL 31 DE MARZO75 \u20ac&nbsp; DEL 1 DE ABRIL AL 31 DE MAYO85 \u20ac &hellip; Continue reading &quot;VALOR DA INSCRI\u00c7\u00c3O&quot;\" \/>\n<meta property=\"og:url\" content=\"https:\/\/starmanportugal.com\/es\/valor-da-inscricao\" \/>\n<meta property=\"og:site_name\" content=\"STARMAN Portugal\" \/>\n<meta property=\"article:publisher\" content=\"https:\/\/www.facebook.com\/STARMANPortugal\/\" \/>\n<meta property=\"article:modified_time\" content=\"2026-03-03T20:40:39+00:00\" \/>\n<meta name=\"twitter:card\" content=\"summary_large_image\" \/>\n<meta name=\"twitter:label1\" content=\"Tempo estimado de leitura\" \/>\n\t<meta name=\"twitter:data1\" content=\"1 minuto\" \/>\n<script type=\"application\/ld+json\" class=\"yoast-schema-graph\">{\"@context\":\"https:\/\/schema.org\",\"@graph\":[{\"@type\":\"WebPage\",\"@id\":\"https:\/\/starmanportugal.com\/es\/valor-da-inscricao\",\"url\":\"https:\/\/starmanportugal.com\/es\/valor-da-inscricao\",\"name\":\"VALOR DA INSCRI\u00c7\u00c3O - STARMAN Portugal\",\"isPartOf\":{\"@id\":\"https:\/\/starmanportugal.com\/es\/#website\"},\"datePublished\":\"2022-03-09T21:46:39+00:00\",\"dateModified\":\"2026-03-03T20:40:39+00:00\",\"breadcrumb\":{\"@id\":\"https:\/\/starmanportugal.com\/es\/valor-da-inscricao#breadcrumb\"},\"inLanguage\":\"pt-PT\",\"potentialAction\":[{\"@type\":\"ReadAction\",\"target\":[\"https:\/\/starmanportugal.com\/es\/valor-da-inscricao\"]}]},{\"@type\":\"BreadcrumbList\",\"@id\":\"https:\/\/starmanportugal.com\/es\/valor-da-inscricao#breadcrumb\",\"itemListElement\":[{\"@type\":\"ListItem\",\"position\":1,\"name\":\"In\u00edcio\",\"item\":\"https:\/\/starmanportugal.com\/es\/\"},{\"@type\":\"ListItem\",\"position\":2,\"name\":\"VALOR DA INSCRI\u00c7\u00c3O\"}]},{\"@type\":\"WebSite\",\"@id\":\"https:\/\/starmanportugal.com\/es\/#website\",\"url\":\"https:\/\/starmanportugal.com\/es\/\",\"name\":\"STARMAN Portugal\",\"description\":\"STARMAN NIGHT TRIATHLON\",\"publisher\":{\"@id\":\"https:\/\/starmanportugal.com\/es\/#organization\"},\"potentialAction\":[{\"@type\":\"SearchAction\",\"target\":{\"@type\":\"EntryPoint\",\"urlTemplate\":\"https:\/\/starmanportugal.com\/es\/?s={search_term_string}\"},\"query-input\":{\"@type\":\"PropertyValueSpecification\",\"valueRequired\":true,\"valueName\":\"search_term_string\"}}],\"inLanguage\":\"pt-PT\"},{\"@type\":\"Organization\",\"@id\":\"https:\/\/starmanportugal.com\/es\/#organization\",\"name\":\"STARMAN Portugal\",\"url\":\"https:\/\/starmanportugal.com\/es\/\",\"logo\":{\"@type\":\"ImageObject\",\"inLanguage\":\"pt-PT\",\"@id\":\"https:\/\/starmanportugal.com\/es\/#\/schema\/logo\/image\/\",\"url\":\"https:\/\/starmanportugal.com\/es\/wp-content\/uploads\/2020\/12\/favicon-1.ico\",\"contentUrl\":\"https:\/\/starmanportugal.com\/es\/wp-content\/uploads\/2020\/12\/favicon-1.ico\",\"width\":48,\"height\":48,\"caption\":\"STARMAN Portugal\"},\"image\":{\"@id\":\"https:\/\/starmanportugal.com\/es\/#\/schema\/logo\/image\/\"},\"sameAs\":[\"https:\/\/www.facebook.com\/STARMANPortugal\/\",\"https:\/\/www.instagram.com\/starman_portugal\/\"]}]}<\/script>\n<!-- \/ Yoast SEO plugin. -->","yoast_head_json":{"title":"VALOR DA INSCRI\u00c7\u00c3O - STARMAN Portugal","robots":{"index":"index","follow":"follow","max-snippet":"max-snippet:-1","max-image-preview":"max-image-preview:large","max-video-preview":"max-video-preview:-1"},"canonical":"https:\/\/starmanportugal.com\/es\/valor-da-inscricao","og_locale":"pt_PT","og_type":"article","og_title":"VALOR DA INSCRI\u00c7\u00c3O - STARMAN Portugal","og_description":"MEDIA DISTANCIA - INDIVIDUAL HASTA EL 31 DE MARZO 110 \u20ac&nbsp; DEL 1 DE ABRIL AL 31 DE MAYO 120 \u20ac&nbsp; DEL 1 AL 30 DE JUNIO140 \u20ac&nbsp; \u00daLTIMA HORA (secretar\u00eda de la prueba) 170 \u20ac&nbsp; DISTANCIA OL\u00cdMPICA - INDIVIDUAL&nbsp; HASTA EL 31 DE MARZO75 \u20ac&nbsp; DEL 1 DE ABRIL AL 31 DE MAYO85 \u20ac &hellip; Continue reading \"VALOR DA INSCRI\u00c7\u00c3O\"","og_url":"https:\/\/starmanportugal.com\/es\/valor-da-inscricao","og_site_name":"STARMAN Portugal","article_publisher":"https:\/\/www.facebook.com\/STARMANPortugal\/","article_modified_time":"2026-03-03T20:40:39+00:00","twitter_card":"summary_large_image","twitter_misc":{"Tempo estimado de leitura":"1 minuto"},"schema":{"@context":"https:\/\/schema.org","@graph":[{"@type":"WebPage","@id":"https:\/\/starmanportugal.com\/es\/valor-da-inscricao","url":"https:\/\/starmanportugal.com\/es\/valor-da-inscricao","name":"VALOR DA INSCRI\u00c7\u00c3O - STARMAN Portugal","isPartOf":{"@id":"https:\/\/starmanportugal.com\/es\/#website"},"datePublished":"2022-03-09T21:46:39+00:00","dateModified":"2026-03-03T20:40:39+00:00","breadcrumb":{"@id":"https:\/\/starmanportugal.com\/es\/valor-da-inscricao#breadcrumb"},"inLanguage":"pt-PT","potentialAction":[{"@type":"ReadAction","target":["https:\/\/starmanportugal.com\/es\/valor-da-inscricao"]}]},{"@type":"BreadcrumbList","@id":"https:\/\/starmanportugal.com\/es\/valor-da-inscricao#breadcrumb","itemListElement":[{"@type":"ListItem","position":1,"name":"In\u00edcio","item":"https:\/\/starmanportugal.com\/es\/"},{"@type":"ListItem","position":2,"name":"VALOR DA INSCRI\u00c7\u00c3O"}]},{"@type":"WebSite","@id":"https:\/\/starmanportugal.com\/es\/#website","url":"https:\/\/starmanportugal.com\/es\/","name":"STARMAN Portugal","description":"STARMAN NIGHT TRIATHLON","publisher":{"@id":"https:\/\/starmanportugal.com\/es\/#organization"},"potentialAction":[{"@type":"SearchAction","target":{"@type":"EntryPoint","urlTemplate":"https:\/\/starmanportugal.com\/es\/?s={search_term_string}"},"query-input":{"@type":"PropertyValueSpecification","valueRequired":true,"valueName":"search_term_string"}}],"inLanguage":"pt-PT"},{"@type":"Organization","@id":"https:\/\/starmanportugal.com\/es\/#organization","name":"STARMAN Portugal","url":"https:\/\/starmanportugal.com\/es\/","logo":{"@type":"ImageObject","inLanguage":"pt-PT","@id":"https:\/\/starmanportugal.com\/es\/#\/schema\/logo\/image\/","url":"https:\/\/starmanportugal.com\/es\/wp-content\/uploads\/2020\/12\/favicon-1.ico","contentUrl":"https:\/\/starmanportugal.com\/es\/wp-content\/uploads\/2020\/12\/favicon-1.ico","width":48,"height":48,"caption":"STARMAN Portugal"},"image":{"@id":"https:\/\/starmanportugal.com\/es\/#\/schema\/logo\/image\/"},"sameAs":["https:\/\/www.facebook.com\/STARMANPortugal\/","https:\/\/www.instagram.com\/starman_portugal\/"]}]}},"_links":{"self":[{"href":"https:\/\/starmanportugal.com\/es\/wp-json\/wp\/v2\/pages\/2326","targetHints":{"allow":["GET"]}}],"collection":[{"href":"https:\/\/starmanportugal.com\/es\/wp-json\/wp\/v2\/pages"}],"about":[{"href":"https:\/\/starmanportugal.com\/es\/wp-json\/wp\/v2\/types\/page"}],"author":[{"embeddable":true,"href":"https:\/\/starmanportugal.com\/es\/wp-json\/wp\/v2\/users\/1"}],"replies":[{"embeddable":true,"href":"https:\/\/starmanportugal.com\/es\/wp-json\/wp\/v2\/comments?post=2326"}],"version-history":[{"count":12,"href":"https:\/\/starmanportugal.com\/es\/wp-json\/wp\/v2\/pages\/2326\/revisions"}],"predecessor-version":[{"id":4693,"href":"https:\/\/starmanportugal.com\/es\/wp-json\/wp\/v2\/pages\/2326\/revisions\/4693"}],"wp:attachment":[{"href":"https:\/\/starmanportugal.com\/es\/wp-json\/wp\/v2\/media?parent=2326"}],"curies":[{"name":"wp","href":"https:\/\/api.w.org\/{rel}","templated":true}]}}