{"id":2325,"date":"2022-03-09T21:46:38","date_gmt":"2022-03-09T21:46:38","guid":{"rendered":"https:\/\/starmanportugal.com\/politica-de-privacidade"},"modified":"2024-03-30T23:20:09","modified_gmt":"2024-03-30T23:20:09","slug":"politica-de-privacidade","status":"publish","type":"page","link":"https:\/\/starmanportugal.com\/es\/politica-de-privacidade","title":{"rendered":"Pol\u00edtica de privacidad"},"content":{"rendered":"\n  \n    \n    <section class=\"u-align-left u-clearfix u-palette-1-dark-3 u-section-2\" id=\"sec-59cb\">\n      <div class=\"u-clearfix u-sheet u-sheet-1\">\n        <h1 class=\"u-heading-font u-text u-title u-text-1\"><b style=\"\"> Pol\u00edtica de privacidad<\/b>\n        <\/h1>\n        <p class=\"u-align-justify u-large-text u-text u-text-font u-text-variant u-text-2\">A prote\u00e7\u00e3o da privacidade e dos\ndados pessoais \u00e9 uma prioridade para a <b>NTREVENTS, Unipessoal LDA<\/b>, tendo\npor isso elaborado o presente documento, para respeitar, de forma empenhada, a\nlegisla\u00e7\u00e3o nacional e comunit\u00e1ria em vigor (Regulamento Geral de Prote\u00e7\u00e3o dos\nDados Pessoais UE_2016-679 e Lei N\u00ba58\/2019 de 8 de agosto).&nbsp;<br>\n          <br>Os dados pessoais que nos forne\u00e7am\ndurante a intera\u00e7\u00e3o com os v\u00e1rios sites e servi\u00e7os ser\u00e3o tratados com as\ngarantias de seguran\u00e7a e confidencialidade exigidas pelo enquadramento legal\nrelativo \u00e0 prote\u00e7\u00e3o de dados pessoais.&nbsp;<br>\n          <br>Os portais e sites sob a\nresponsabilidade da <b>NTREVENTS, Unipessoal LDA<\/b>, no \u00e2mbito dos servi\u00e7os\ndisponibilizados, cont\u00eam links para outros sites sob a responsabilidade de\nentidades terceiras. A pol\u00edtica de privacidade da <b>NTREVENTS, Unipessoal LDA<\/b> aplica-se exclusivamente aos sites sob sua responsabilidade. Quando acede a sites\nde outras entidades, ainda que a partir dos sites sob responsabilidade da <b>NTREVENTS,\nUnipessoal LDA<\/b>, dever\u00e1 ler as respetivas pol\u00edticas de privacidade.&nbsp;<br>\n          <br>O acesso e a utiliza\u00e7\u00e3o dos\nservi\u00e7os e sites sob a responsabilidade da <b>NTREVENTS, Unipessoal LDA<\/b>,\ndevem ser livres por parte do utilizador presumindo que leu, compreendeu e\naceitou os Termos e Condi\u00e7\u00f5es da sua utiliza\u00e7\u00e3o.&nbsp;<br>\n          <br>Quaisquer tentativas de alterar a\ninforma\u00e7\u00e3o, ou qualquer outra a\u00e7\u00e3o que possa causar dano e p\u00f4r em risco a\nintegridade do sistema s\u00e3o estritamente proibidas de acordo com a legisla\u00e7\u00e3o em\nvigor. O utilizador obriga-se a cumprir escrupulosamente a legisla\u00e7\u00e3o\naplic\u00e1vel, nomeadamente, em mat\u00e9ria de criminalidade inform\u00e1tica e de direitos\nde propriedade intelectual, sendo exclusivamente respons\u00e1vel pela infra\u00e7\u00e3o\ndestes normativos.&nbsp;&nbsp;<br>\n          <br><b>Entidade e Encarregado de Prote\u00e7\u00e3o de\nDados<\/b>&nbsp;<br>O respons\u00e1vel pelo tratamento \u00e9 a <b>NTREVENTS, Unipessoal LDA<\/b>, com NIPC 516265342, tendo designado um\nEncarregado de Prote\u00e7\u00e3o de Dados que poder\u00e1 ser contactado atrav\u00e9s do endere\u00e7o\neletr\u00f3nico <a href=\"mailto:dpo@ntrevents.pt\" class=\"u-active-none u-border-none u-btn u-button-link u-button-style u-hover-none u-none u-text-body-alt-color u-btn-1\">dpo@ntrevents.pt<\/a>.&nbsp;<br>\n          <br><b>Tratamento dos Dados<\/b>&nbsp;<br>O tratamento dos dados pessoais \u00e9\nrealizado pela <b>NTREVENTS, Unipessoal LDA<\/b> com as seguintes licitudes:&nbsp;<br>a) No \u00e2mbito do contrato com os participantes\nem eventos desportivos, culturais, sociais ou de lazer, conforme o objeto\nsocial da empresa;&nbsp;<br>b) No \u00e2mbito do contrato estabelecido\ncom colaboradores internos e externos e representantes de institui\u00e7\u00f5es,\nparceiros e fornecedores;&nbsp;<br>c) Express\u00e3o de consentimento\nlivre de candidatos e subscritores de comunica\u00e7\u00f5es como newsletters;&nbsp;<br>d) Cumprimento de obriga\u00e7\u00f5es\nlegais a que a <b>NTREVENTS, Unipessoal LDA<\/b> est\u00e1 sujeita.&nbsp;<br>\n          <br>Os dados pessoais sujeitos a\ntratamento por parte da <b>NTREVENTS, Unipessoal LDA<\/b> s\u00e3o de natureza\ndiversa e conforme o tipo de servi\u00e7o prestado como o nome, data de nascimento, n\u00famero\nde identifica\u00e7\u00e3o fiscal, n\u00famero de identifica\u00e7\u00e3o civil, morada, endere\u00e7o\neletr\u00f3nico, n\u00famero de telem\u00f3vel ou outros dados como localiza\u00e7\u00e3o, desempenho ou\nde sa\u00fade.&nbsp;<br>\n          <br>Quando o tratamento dos dados for\nefetuado por terceiros processadores, a <b>NTREVENTS, Unipessoal LDA<\/b> qualifica-os\nde forma a obter as garantias suficientes que assegurem que o tratamento\nsatisfaz os requisitos do RGPD e assegure a defesa dos direitos dos titulares\ndos dados pessoais.&nbsp;<br>\n          <br>Os dados pessoais ser\u00e3o\ndestru\u00eddos logo que termine a sua licitude e finalidade ou sempre que requerido\npelo seu titular por email para dpo@ntrevents.pt com o assunto \u201cRemover\u201d.&nbsp; &nbsp;<br>\n          <br><b>Direitos dos titulares dos dados<\/b>&nbsp;<br>Como titular dos dados pessoais,\ntem os seguintes direitos:&nbsp;<br>a)&nbsp;Direito\na confirma\u00e7\u00e3o de que os seus dados s\u00e3o ou n\u00e3o objeto de tratamento e, se for o\ncaso, de aceder aos seus dados pessoais e aceder \u00e0s informa\u00e7\u00f5es previstas na\nlei;&nbsp;<br>b)&nbsp;Direito\na que a <b>NTREVENTS, Unipessoal LDA <\/b>retifique os dados inexatos ou\nincompletos que lhe digam respeito;&nbsp;<!--[if !supportLists]-->\n          <br>c)&nbsp;Direito\nao apagamento dos seus dados, quando se aplique, designadamente, uma das\nseguintes situa\u00e7\u00f5es:&nbsp;<br>- Os dados\npessoais deixaram de ser necess\u00e1rios para a finalidade que motivou a sua\nrecolha ou tratamento;&nbsp;<br>- Retirou o\nseu consentimento para o tratamento de dados (nos casos em que o tratamento \u00e9\nbaseado no consentimento) e n\u00e3o existir outro fundamento para o referido\ntratamento;&nbsp;<br>- Op\u00f5e-se ao\ntratamento e n\u00e3o existem interesses leg\u00edtimos prevalecentes que justifiquem o\ntratamento.&nbsp;<br>d)&nbsp;&nbsp;&nbsp;&nbsp;&nbsp; <!--[endif]-->Direito\nde solicitar a limita\u00e7\u00e3o do tratamento dos seus dados pessoais quando:&nbsp;<br>- Contestar a\nsua exatid\u00e3o, durante o per\u00edodo que permita \u00e0 <b>NTREVENTS, Unipessoal Lda<\/b> verificar a sua exatid\u00e3o;&nbsp;<br>- O tratamento\nde dados for l\u00edcito e o titular dos dados se opuser ao apagamento dos dados\npessoais e solicitar, em contrapartida, a limita\u00e7\u00e3o da sua utiliza\u00e7\u00e3o;&nbsp;<br>- A <b>NTREVENTS,\nUnipessoal Lda<\/b> j\u00e1 n\u00e3o precisar dos dados pessoais para fins de tratamento,\nmas esses dados s\u00e3o requeridos pelo titular para efeitos de declara\u00e7\u00e3o,\nexerc\u00edcio ou defesa de um direito num processo judicial;&nbsp;<br>- Se o\ntratamento depender do seu consentimento, tem direito a retir\u00e1-lo.&nbsp;<br>e)&nbsp;Direito\na apresentar uma reclama\u00e7\u00e3o para a Autoridade Controlo que em Portugal \u00e9 a Comiss\u00e3o\nNacional de Prote\u00e7\u00e3o de Dados (<a href=\"https:\/\/www.cnpd.pt\/\" class=\"u-active-none u-border-none u-btn u-button-link u-button-style u-hover-none u-none u-text-white u-btn-2\">https:\/\/www.cnpd.pt\/<\/a>).&nbsp;<br>Caso pretenda exercer os seus\ndireitos, dever\u00e1 contactar-nos, por escrito, atrav\u00e9s do e-mail dpo@ntrevents.pt. Para garantir a sua prote\u00e7\u00e3o,\npoder\u00e1 ser pedida prova da sua identidade.&nbsp;<br>\n          <br>A <b>NTREVENTS, Unipessoal LDA<\/b> reserva-se o direito de rever periodicamente a atual pol\u00edtica, pelo que\nrecomendamos que consulte periodicamente a p\u00e1gina www.ntrevents.pt&nbsp; \n        <\/p>\n      <\/div>\n    <\/section>\n    <section class=\"u-clearfix u-palette-1-dark-3 u-section-3\" id=\"sec-74d8\">\n      <div class=\"u-clearfix u-sheet u-sheet-1\">\n        <h1 class=\"u-text u-text-1\"><b style=\"\">Pol\u00edtica de cookies<\/b>\n        <\/h1>\n        <p class=\"u-align-justify u-text u-text-2\"><b><\/b><b>\u00bfQu\u00e9 son las cookies? <\/b>\n          <br> Las \"cookies\" son peque\u00f1os archivos de texto con informaci\u00f3n\nrelevante, enviados por un sitio web y almacenados en el ordenador del usuario\nque navega por Internet. Las cookies contienen un n\u00famero que identifica el\nordenador utilizado por su direcci\u00f3n IP.&nbsp; &nbsp;<br>\n          <br><b>\u00bfCu\u00e1l es la finalidad de las cookies? <\/b>\n          <br> Las cookies nos permiten conocer la actividad del usuario en un sitio web o en\nvarios sitios web relacionados, registrando, por ejemplo, el lugar de acceso,\nel tiempo de conexi\u00f3n, el tipo de dispositivo (fijo o m\u00f3vil), el sistema\noperativo, el navegador utilizado, las p\u00e1ginas visitadas, el n\u00famero de clics y\nvisitas y, en general, otros aspectos relativos al comportamiento e intereses\ndel visitante. Las cookies permiten al propietario o administrador de un sitio\nweb mejorar la experiencia del visitante, as\u00ed como la eficiencia del acceso al\nsitio web, a saber, por ejemplo, configurando la visualizaci\u00f3n adecuada por\ndispositivo, sistema operativo o navegador, y dirigiendo la navegaci\u00f3n seg\u00fan\nlas preferencias del usuario.&nbsp; &nbsp;<br>\n          <br><b>\u00bfQu\u00e9 cookies utilizamos? <\/b>\n          <br> El Responsable del tratamiento utiliza las \"cookies\" necesarias para\nmejorar la navegaci\u00f3n en ella y la carga eficiente de sus contenidos, en\nparticular para la localizaci\u00f3n de contenidos, el idioma y la cumplimentaci\u00f3n\nprevia de formularios. Las cookies de personalizaci\u00f3n tambi\u00e9n se pueden\nutilizar con el fin de recopilar datos estad\u00edsticos y an\u00f3nimos sobre la\nactividad y los h\u00e1bitos de navegaci\u00f3n de los usuarios para su an\u00e1lisis y mejora\ndel sitio web con el fin de mejorar el acceso y la experiencia de los usuarios.\nEstas cookies son establecidas por terceros (por ejemplo, motores de\nb\u00fasqueda).&nbsp; &nbsp;<br>\n          <br><b>\u00bfC\u00f3mo controlar el uso de Cookies?<\/b> Los usuarios pueden evitar el uso de\ncookies en la configuraci\u00f3n de su navegador. Sin embargo, si limita esta\nopci\u00f3n, el uso de algunos recursos o el rendimiento de ciertas herramientas\npueden verse condicionados.&nbsp;<br> Con fines informativos, aqu\u00ed hay algunos enlaces\n\u00fatiles a los principales proveedores de navegadores: <br> Firef<span class=\"u-text-white\">ox: https:\/\/support.mozilla.org\/t5\/Protect-your-privacy\/Cookies-Information\n&nbsp;<br> Internet Explorer: <a href=\"https:\/\/support.microsoft.com\/pt-pt\/help\/17442\/windows-internet-explorer\" class=\"u-active-none u-border-none u-btn u-button-style u-hover-none u-none u-text-palette-1-base u-btn-1\">https:\/\/support.microsoft.com\/pt-pt\/help\/17442\/windows-internet-explorer<\/a>&nbsp;<br> Safari: <a href=\"https:\/\/support.apple.com\/pt-pt\/HT201265\" class=\"u-active-none u-border-none u-btn u-button-style u-hover-none u-none u-text-palette-1-base u-btn-2\">https:\/\/support.apple.com\/pt-pt\/HT201265<\/a>&nbsp;<br> Opera: <a href=\"http:\/\/help.opera.com\/Mac\/12.10\/en\/cookies.html\" class=\"u-active-none u-border-none u-btn u-button-style u-hover-none u-none u-text-palette-1-base u-btn-3\">http:\/\/help.opera.com\/Mac\/12.10\/en\/cookies.html<\/a>&nbsp;<br> Chrome: <a href=\"https:\/\/support.google.com\/chrome\/answer\/95647\" class=\"u-active-none u-border-none u-btn u-button-style u-hover-none u-none u-text-palette-1-base u-btn-4\">https:\/\/support.google.com\/chrome\/answer\/95647<\/a>\n          <\/span>\n        <\/p>\n      <\/div>\n    <\/section>\n    \n    \n    \n    \n    \n  \n","protected":false},"excerpt":{"rendered":"<p>Pol\u00edtica de privacidad A prote\u00e7\u00e3o da privacidade e dos dados pessoais \u00e9 uma prioridade para a NTREVENTS, Unipessoal LDA, tendo por isso elaborado o presente documento, para respeitar, de forma empenhada, a legisla\u00e7\u00e3o nacional e comunit\u00e1ria em vigor (Regulamento Geral de Prote\u00e7\u00e3o dos Dados Pessoais UE_2016-679 e Lei N\u00ba58\/2019 de 8 de agosto).&nbsp; Os dados &hellip; <a href=\"https:\/\/starmanportugal.com\/es\/politica-de-privacidade\" class=\"more-link\">Continue reading<span class=\"screen-reader-text\"> &#8220;Pol\u00edtica de privacidad&#8221;<\/span><\/a><\/p>\n","protected":false},"author":1,"featured_media":0,"parent":0,"menu_order":6,"comment_status":"closed","ping_status":"closed","template":"","meta":{"footnotes":""},"class_list":["post-2325","page","type-page","status-publish","hentry"],"yoast_head":"<!-- This site is optimized with the Yoast SEO plugin v27.1.1 - https:\/\/yoast.com\/product\/yoast-seo-wordpress\/ -->\n<title>Pol\u00edtica de privacidad - STARMAN Portugal<\/title>\n<meta name=\"robots\" content=\"index, follow, max-snippet:-1, max-image-preview:large, max-video-preview:-1\" \/>\n<link rel=\"canonical\" href=\"https:\/\/starmanportugal.com\/es\/politica-de-privacidade\" \/>\n<meta property=\"og:locale\" content=\"pt_PT\" \/>\n<meta property=\"og:type\" content=\"article\" \/>\n<meta property=\"og:title\" content=\"Pol\u00edtica de privacidad - STARMAN Portugal\" \/>\n<meta property=\"og:description\" content=\"Pol\u00edtica de privacidad A prote\u00e7\u00e3o da privacidade e dos dados pessoais \u00e9 uma prioridade para a NTREVENTS, Unipessoal LDA, tendo por isso elaborado o presente documento, para respeitar, de forma empenhada, a legisla\u00e7\u00e3o nacional e comunit\u00e1ria em vigor (Regulamento Geral de Prote\u00e7\u00e3o dos Dados Pessoais UE_2016-679 e Lei N\u00ba58\/2019 de 8 de agosto).&nbsp; Os dados &hellip; Continue reading &quot;Pol\u00edtica de privacidad&quot;\" \/>\n<meta property=\"og:url\" content=\"https:\/\/starmanportugal.com\/es\/politica-de-privacidade\" \/>\n<meta property=\"og:site_name\" content=\"STARMAN Portugal\" \/>\n<meta property=\"article:publisher\" content=\"https:\/\/www.facebook.com\/STARMANPortugal\/\" \/>\n<meta property=\"article:modified_time\" content=\"2024-03-30T23:20:09+00:00\" \/>\n<meta name=\"twitter:card\" content=\"summary_large_image\" \/>\n<meta name=\"twitter:label1\" content=\"Tempo estimado de leitura\" \/>\n\t<meta name=\"twitter:data1\" content=\"7 minutos\" \/>\n<script type=\"application\/ld+json\" class=\"yoast-schema-graph\">{\"@context\":\"https:\/\/schema.org\",\"@graph\":[{\"@type\":\"WebPage\",\"@id\":\"https:\/\/starmanportugal.com\/es\/politica-de-privacidade\",\"url\":\"https:\/\/starmanportugal.com\/es\/politica-de-privacidade\",\"name\":\"Pol\u00edtica de privacidad - STARMAN Portugal\",\"isPartOf\":{\"@id\":\"https:\/\/starmanportugal.com\/es\/#website\"},\"datePublished\":\"2022-03-09T21:46:38+00:00\",\"dateModified\":\"2024-03-30T23:20:09+00:00\",\"breadcrumb\":{\"@id\":\"https:\/\/starmanportugal.com\/es\/politica-de-privacidade#breadcrumb\"},\"inLanguage\":\"pt-PT\",\"potentialAction\":[{\"@type\":\"ReadAction\",\"target\":[\"https:\/\/starmanportugal.com\/es\/politica-de-privacidade\"]}]},{\"@type\":\"BreadcrumbList\",\"@id\":\"https:\/\/starmanportugal.com\/es\/politica-de-privacidade#breadcrumb\",\"itemListElement\":[{\"@type\":\"ListItem\",\"position\":1,\"name\":\"In\u00edcio\",\"item\":\"https:\/\/starmanportugal.com\/es\/\"},{\"@type\":\"ListItem\",\"position\":2,\"name\":\"Pol\u00edtica de privacidad\"}]},{\"@type\":\"WebSite\",\"@id\":\"https:\/\/starmanportugal.com\/es\/#website\",\"url\":\"https:\/\/starmanportugal.com\/es\/\",\"name\":\"STARMAN Portugal\",\"description\":\"STARMAN NIGHT TRIATHLON\",\"publisher\":{\"@id\":\"https:\/\/starmanportugal.com\/es\/#organization\"},\"potentialAction\":[{\"@type\":\"SearchAction\",\"target\":{\"@type\":\"EntryPoint\",\"urlTemplate\":\"https:\/\/starmanportugal.com\/es\/?s={search_term_string}\"},\"query-input\":{\"@type\":\"PropertyValueSpecification\",\"valueRequired\":true,\"valueName\":\"search_term_string\"}}],\"inLanguage\":\"pt-PT\"},{\"@type\":\"Organization\",\"@id\":\"https:\/\/starmanportugal.com\/es\/#organization\",\"name\":\"STARMAN Portugal\",\"url\":\"https:\/\/starmanportugal.com\/es\/\",\"logo\":{\"@type\":\"ImageObject\",\"inLanguage\":\"pt-PT\",\"@id\":\"https:\/\/starmanportugal.com\/es\/#\/schema\/logo\/image\/\",\"url\":\"https:\/\/starmanportugal.com\/es\/wp-content\/uploads\/2020\/12\/favicon-1.ico\",\"contentUrl\":\"https:\/\/starmanportugal.com\/es\/wp-content\/uploads\/2020\/12\/favicon-1.ico\",\"width\":48,\"height\":48,\"caption\":\"STARMAN Portugal\"},\"image\":{\"@id\":\"https:\/\/starmanportugal.com\/es\/#\/schema\/logo\/image\/\"},\"sameAs\":[\"https:\/\/www.facebook.com\/STARMANPortugal\/\",\"https:\/\/www.instagram.com\/starman_portugal\/\"]}]}<\/script>\n<!-- \/ Yoast SEO plugin. -->","yoast_head_json":{"title":"Pol\u00edtica de privacidad - STARMAN Portugal","robots":{"index":"index","follow":"follow","max-snippet":"max-snippet:-1","max-image-preview":"max-image-preview:large","max-video-preview":"max-video-preview:-1"},"canonical":"https:\/\/starmanportugal.com\/es\/politica-de-privacidade","og_locale":"pt_PT","og_type":"article","og_title":"Pol\u00edtica de privacidad - STARMAN Portugal","og_description":"Pol\u00edtica de privacidad A prote\u00e7\u00e3o da privacidade e dos dados pessoais \u00e9 uma prioridade para a NTREVENTS, Unipessoal LDA, tendo por isso elaborado o presente documento, para respeitar, de forma empenhada, a legisla\u00e7\u00e3o nacional e comunit\u00e1ria em vigor (Regulamento Geral de Prote\u00e7\u00e3o dos Dados Pessoais UE_2016-679 e Lei N\u00ba58\/2019 de 8 de agosto).&nbsp; Os dados &hellip; Continue reading \"Pol\u00edtica de privacidad\"","og_url":"https:\/\/starmanportugal.com\/es\/politica-de-privacidade","og_site_name":"STARMAN Portugal","article_publisher":"https:\/\/www.facebook.com\/STARMANPortugal\/","article_modified_time":"2024-03-30T23:20:09+00:00","twitter_card":"summary_large_image","twitter_misc":{"Tempo estimado de leitura":"7 minutos"},"schema":{"@context":"https:\/\/schema.org","@graph":[{"@type":"WebPage","@id":"https:\/\/starmanportugal.com\/es\/politica-de-privacidade","url":"https:\/\/starmanportugal.com\/es\/politica-de-privacidade","name":"Pol\u00edtica de privacidad - STARMAN Portugal","isPartOf":{"@id":"https:\/\/starmanportugal.com\/es\/#website"},"datePublished":"2022-03-09T21:46:38+00:00","dateModified":"2024-03-30T23:20:09+00:00","breadcrumb":{"@id":"https:\/\/starmanportugal.com\/es\/politica-de-privacidade#breadcrumb"},"inLanguage":"pt-PT","potentialAction":[{"@type":"ReadAction","target":["https:\/\/starmanportugal.com\/es\/politica-de-privacidade"]}]},{"@type":"BreadcrumbList","@id":"https:\/\/starmanportugal.com\/es\/politica-de-privacidade#breadcrumb","itemListElement":[{"@type":"ListItem","position":1,"name":"In\u00edcio","item":"https:\/\/starmanportugal.com\/es\/"},{"@type":"ListItem","position":2,"name":"Pol\u00edtica de privacidad"}]},{"@type":"WebSite","@id":"https:\/\/starmanportugal.com\/es\/#website","url":"https:\/\/starmanportugal.com\/es\/","name":"STARMAN Portugal","description":"STARMAN NIGHT TRIATHLON","publisher":{"@id":"https:\/\/starmanportugal.com\/es\/#organization"},"potentialAction":[{"@type":"SearchAction","target":{"@type":"EntryPoint","urlTemplate":"https:\/\/starmanportugal.com\/es\/?s={search_term_string}"},"query-input":{"@type":"PropertyValueSpecification","valueRequired":true,"valueName":"search_term_string"}}],"inLanguage":"pt-PT"},{"@type":"Organization","@id":"https:\/\/starmanportugal.com\/es\/#organization","name":"STARMAN Portugal","url":"https:\/\/starmanportugal.com\/es\/","logo":{"@type":"ImageObject","inLanguage":"pt-PT","@id":"https:\/\/starmanportugal.com\/es\/#\/schema\/logo\/image\/","url":"https:\/\/starmanportugal.com\/es\/wp-content\/uploads\/2020\/12\/favicon-1.ico","contentUrl":"https:\/\/starmanportugal.com\/es\/wp-content\/uploads\/2020\/12\/favicon-1.ico","width":48,"height":48,"caption":"STARMAN Portugal"},"image":{"@id":"https:\/\/starmanportugal.com\/es\/#\/schema\/logo\/image\/"},"sameAs":["https:\/\/www.facebook.com\/STARMANPortugal\/","https:\/\/www.instagram.com\/starman_portugal\/"]}]}},"_links":{"self":[{"href":"https:\/\/starmanportugal.com\/es\/wp-json\/wp\/v2\/pages\/2325","targetHints":{"allow":["GET"]}}],"collection":[{"href":"https:\/\/starmanportugal.com\/es\/wp-json\/wp\/v2\/pages"}],"about":[{"href":"https:\/\/starmanportugal.com\/es\/wp-json\/wp\/v2\/types\/page"}],"author":[{"embeddable":true,"href":"https:\/\/starmanportugal.com\/es\/wp-json\/wp\/v2\/users\/1"}],"replies":[{"embeddable":true,"href":"https:\/\/starmanportugal.com\/es\/wp-json\/wp\/v2\/comments?post=2325"}],"version-history":[{"count":3,"href":"https:\/\/starmanportugal.com\/es\/wp-json\/wp\/v2\/pages\/2325\/revisions"}],"predecessor-version":[{"id":4295,"href":"https:\/\/starmanportugal.com\/es\/wp-json\/wp\/v2\/pages\/2325\/revisions\/4295"}],"wp:attachment":[{"href":"https:\/\/starmanportugal.com\/es\/wp-json\/wp\/v2\/media?parent=2325"}],"curies":[{"name":"wp","href":"https:\/\/api.w.org\/{rel}","templated":true}]}}