{"id":2321,"date":"2022-03-09T21:46:34","date_gmt":"2022-03-09T21:46:34","guid":{"rendered":"https:\/\/starmanportugal.com\/termos-e-condicoes"},"modified":"2025-07-05T14:32:28","modified_gmt":"2025-07-05T14:32:28","slug":"termos-e-condicoes","status":"publish","type":"page","link":"https:\/\/starmanportugal.com\/es\/termos-e-condicoes","title":{"rendered":"TERMOS E CONDI\u00c7\u00d5ES"},"content":{"rendered":"\n  \n    \n    <section class=\"u-align-left u-clearfix u-palette-1-dark-3 u-section-2\" id=\"sec-1178\">\n      <div class=\"u-clearfix u-sheet u-sheet-1\">\n        <h1 class=\"u-heading-font u-text u-title u-text-1\"><b style=\"\"> Condiciones Generales<\/b>\n        <\/h1>\n        <p class=\"u-align-justify u-large-text u-text u-text-font u-text-variant u-text-2\"><b style=\"\">&nbsp;<\/b><b><\/b><b>1. <\/b>\u00c1mbito de aplicaci\u00f3n Los t\u00e9rminos y condiciones\nestablecen el marco legal que regula el uso y utilizaci\u00f3n del sitio web\nstarmanportugal.com as\u00ed como los servicios prestados al titular NTREVENTS,\nSociedade Unipessoal Lda. Siempre estar\u00e1n disponibles en portugu\u00e9s, en el sitio\nweb ntrevents.pt para su respectiva consulta, archivo o impresi\u00f3n y podr\u00e1n ser\nmodificados, por lo que ser\u00e1 responsabilidad del usuario leerlos cada vez que\ninicie una compra. &nbsp; Adem\u00e1s, aqu\u00ed el usuario encontrar\u00e1 toda la informaci\u00f3n\nnecesaria sobre los procedimientos que debe seguir a la hora de comprar\nproductos en el sitio, no solo los t\u00e9rminos y condiciones, sino tambi\u00e9n la\npol\u00edtica de devoluciones y cancelaciones. &nbsp; El sitio web\nstarmanportugal.com est\u00e1 disponible en portugu\u00e9s e ingl\u00e9s, y para registrarse\ndebe utilizar la plataforma en l\u00ednea BOL (www.bol.pt) donde el usuario puede\nseleccionar en cualquier momento tres idiomas que prefiera utilizar: portugu\u00e9s,\ningl\u00e9s y espa\u00f1ol. &nbsp; Todas las preguntas sobre los datos personales del\nusuario y el Reglamento General de Protecci\u00f3n de Datos (RGPD) se pueden\nencontrar en la Pol\u00edtica de privacidad.&nbsp; &nbsp;<br>\n          <br><b>2.&nbsp;<\/b>NTREVENTS, Unipessoal Lda ofrece un servicio de compra\nen l\u00ednea, disponible las 24 horas del d\u00eda, donde el usuario puede comprar\nc\u00f3modamente el billete. El sitio web es starmanportugal.com propiedad de\nNTREVENTS, Sociedade Unipessoal Lda, con n\u00famero de IVA 516265342 que puede ser\ncontactado para cualquier pregunta relacionada con el sitio web, por correo\nelectr\u00f3nico info@ntrevents.pt. A trav\u00e9s de la p\u00e1gina web starmanportugal.com,\nque act\u00faa como intermediario, el titular de la p\u00e1gina web presta el servicio de\nventa a trav\u00e9s de la p\u00e1gina web www.bol.pt que consiste en la venta anticipada\nde las citadas entradas y la gesti\u00f3n de la distribuci\u00f3n de las mismas en nombre\ny por cuenta del promotor. Los t\u00e9rminos y condiciones generales del servicio de\nintermediaci\u00f3n se pueden encontrar en www.bol.pt\/Ajuda\/CondicoesGerais. Al\nutilizar y acceder al sitio web, usted confiere la condici\u00f3n de usuario e\nimplica la aceptaci\u00f3n de las disposiciones incluidas en las presentes\nCondiciones de Uso, en la versi\u00f3n publicada por el titular. El usuario declara\nque dispone de la capacidad legal necesaria para obrar y contratar en el Sitio\nWeb de conformidad con las presentes condiciones, que declara comprender y\naceptar. El Usuario es responsable de facilitar sus datos correctamente en los\nprocesos de compra establecidos en www.bol.pt y debe prestar especial atenci\u00f3n\na la introducci\u00f3n de datos bancarios y personales. El sitio web\nstarmanportugal.com de acuerdo con su Pol\u00edtica de Privacidad, se compromete, en\nel uso de los datos, a respetar su confidencialidad, as\u00ed como a dar\ncumplimiento a su obligaci\u00f3n de mantenerlos y a adoptar todas las medidas para\nevitar la alteraci\u00f3n, p\u00e9rdida, tratamiento o acceso no autorizado, de acuerdo\ncon lo establecido en la legislaci\u00f3n vigente en materia de protecci\u00f3n de datos\nde car\u00e1cter personal.&nbsp; &nbsp;<br>\n          <br> &nbsp;<b>3<\/b>. En el caso de compras realizadas por menores de edad,\nNTREVENTS, Unipessoal Lda no se hace responsable de la veracidad y exactitud de\nlos datos rellenados por el usuario y, por lo tanto, no puede verificar con\nabsoluta certeza la edad del usuario. Por este motivo, no asumir\u00e1 ninguna\nresponsabilidad por las personas que no cumplan con la normativa.&nbsp;\n&nbsp;&nbsp;<br>\n          <br><b>4. <\/b>El servicio de compra online ofrecido por el sitio web\nstarmanportugal.com y descrito anteriormente proporciona al usuario toda la\ninformaci\u00f3n sobre el precio de cada entrada. El servicio de consulta de\ninformaci\u00f3n que se ofrece a trav\u00e9s de la p\u00e1gina web es gratuito.&nbsp; La\nutilizaci\u00f3n del sistema de pago electr\u00f3nico para la compra de entradas, cuando\nconcurra alguna de las siguientes circunstancias, constituir\u00e1 un delito de\nfraude electr\u00f3nico, previsto en la legislaci\u00f3n vigente: a) Siempre que el\nusuario facilite datos falsos sobre el comprador o el n\u00famero de la tarjeta\nutilizada como medio de pago; b) Cuando el usuario utilice datos personales que\nno sean del comprador;&nbsp; <br> c) Siempre que el usuario facilite n\u00fameros de tarjeta que no se correspondan\ncon los del comprador, sin su autorizaci\u00f3n;&nbsp; d) Cuando el usuario usurpe\nlos datos del titular de la tarjeta;&nbsp; e) Cuando el usuario utilice n\u00fameros\nde tarjeta generados con programas o algoritmos inform\u00e1ticos similares.&nbsp;\n&nbsp;&nbsp;<br>\n          <br><b>5. <\/b>El proceso de compra y compra consta de los siguientes\nprocedimientos: a) Selecci\u00f3n de productos: navegar por el sitio web\nseleccionando el tipo de entrada que desea comprar de entre los que ofrece el\nsitio web; b) Las inscripciones deber\u00e1n realizarse de acuerdo con el siguiente\ncalendario y cuotas de inscripci\u00f3n: <br><b>\n            <br><\/b>HASTA EL 31 DE JULIO<br>Distancia Media:&nbsp;<br>Inscripci\u00f3n Individual - 110 \u20ac<br> Relevo 2 Miembros - 130 \u20ac (65 \u20ac\/atleta)<br> Relevo 3 Miembros - 165 \u20ac (55 \u20ac\/atleta)&nbsp;<br>\n          <br>Distancia Ol\u00edmpica:&nbsp;<br>Inscripci\u00f3n Individual - 75 \u20ac<br> Relevo 2 Miembros - 90 \u20ac (45 \u20ac\/atleta)<br> Relevo 3 Miembros - 120 \u20ac (40 \u20ac\/atleta)&nbsp;<br>\n          <br>DEL 1 DE AGOSTO AL 30 DE SEPTIEMBRE&nbsp;<br>Distancia Media:&nbsp;<br>Inscripci\u00f3n Individual - 120 \u20ac<br> Relevo 2 Miembros - 140 \u20ac (70 \u20ac\/atleta)<br> Relevo 3 Miembros - 180 \u20ac (60 \u20ac\/atleta)&nbsp;<br>\n          <br>Distancia Ol\u00edmpica:&nbsp;<br>Inscripci\u00f3n Individual - 85 \u20ac<br> Relevo 2 Miembros - 100 \u20ac (50 \u20ac\/atleta)<br> Relevo 3 Miembros - 135 \u20ac (45 \u20ac\/atleta)&nbsp;<br>\n          <br>DEL 1 AL 31 DE OCTUBRE&nbsp;<br>Distancia Media:&nbsp;<br>Inscripci\u00f3n Individual - 140 \u20ac<br> Relevo 2 Miembros - 160 \u20ac (80 \u20ac\/atleta)<br> Relevo 3 Miembros - 210 \u20ac (70 \u20ac\/atleta)&nbsp;<br>\n          <br>Distancia Ol\u00edmpica:&nbsp;<br>Inscripci\u00f3n Individual - 105 \u20ac<br> Relevo 2 Miembros - 120 \u20ac (60 \u20ac\/atleta)<br> Relevo 3 Miembros - 150 \u20ac (50 \u20ac\/atleta)<br>\n          <br>En las inscripciones en las que se incluyan deportistas no federados, se a\u00f1aden\n15\u20ac por atleta a la cuota diaria. Este coste se cobrar\u00e1 en el momento de la\nentrega del kit del atleta en la secretar\u00eda de la carrera. En el caso de los\ndeportistas federados FTP, deber\u00e1n poner el n\u00famero de licencia en la\ninscripci\u00f3n.&nbsp;<br>\n          <br> c) Se permitir\u00e1n transferencias de inscripciones a otros usuarios, el cambio\ndeber\u00e1 ser solicitado por correo electr\u00f3nico por el titular de la inscripci\u00f3n.d)\nAl registrarse, el usuario declara autom\u00e1ticamente estar de acuerdo con el\nsiguiente plazo de responsabilidad: - Has le\u00eddo y est\u00e1s de acuerdo con el\nReglamento de STARMAN Portugal - Alentejo, disponible en el sitio web de la\ncarrera; - Es consciente de su estado de salud y de su capacidad f\u00edsica y\npsicol\u00f3gica para participar; - Asumir que no participar\u00e1 en la carrera si sus\ncondiciones de salud cambian despu\u00e9s de la inscripci\u00f3n; - Conoce el contenido\nde la p\u00f3liza de seguro vigente y ha le\u00eddo sus especificaciones, contenidas en\nel Reglamento de la Carrera; - Al participar en la carrera, autorizas, de forma\ngratuita e incondicional, a que la organizaci\u00f3n y los socios de la carrera\nutilicen tu imagen. Por medio de este instrumento, usted cede todos los derechos\nde uso de mi imagen, tal y como se plasma en las fotograf\u00edas y filmaciones que\nse llevar\u00e1n a cabo durante las pruebas, renunciando a la percepci\u00f3n de\ncualquier cantidad que pueda devengarse con su divulgaci\u00f3n en piezas de\ncomunicaci\u00f3n de apoyo. - Participar en la carrera por voluntad propia,\neximiendo a la organizaci\u00f3n, socios, directores, empleados y otras empresas\nvinculadas a la organizaci\u00f3n del evento de cualquier responsabilidad derivada\nde mi participaci\u00f3n en la carrera, antes, durante y despu\u00e9s de la misma (por\nejemplo, p\u00e9rdida de objetos personales por robo u otras circunstancias).&nbsp;\ne) Inicio del proceso de compra: Pulsar el bot\u00f3n de suscribirse, momento en el\nque se le redirige autom\u00e1ticamente a la p\u00e1gina web de www.bol.pt, que se encargar\u00e1\ndel proceso de compra y del env\u00edo de los productos;&nbsp; f) Elecci\u00f3n de la\ncantidad: despu\u00e9s de seleccionar el evento, elija el n\u00famero de entradas que\ndesea comprar haciendo clic en la selecci\u00f3n para elegir entre 1 y 10;&nbsp; g)\nIngrese los datos personales: ingrese correctamente los datos personales\nrequeridos;&nbsp; h) Selecci\u00f3n del m\u00e9todo de pago: seleccione el m\u00e9todo de pago\nentre todas las opciones;&nbsp; i) Aceptaci\u00f3n de los t\u00e9rminos y condiciones: si\nest\u00e1 de acuerdo con los t\u00e9rminos y condiciones, ac\u00e9ptelos y presione el bot\u00f3n\nde compra;&nbsp; j) Verificaci\u00f3n del producto adquirido: Despu\u00e9s de pagar,\nrecibir\u00e1 el boleto electr\u00f3nico por correo electr\u00f3nico, as\u00ed como el comprobante\nde pago.&nbsp; &nbsp;<br>\n          <br><b>6. La <\/b>cancelaci\u00f3n de las inscripciones podr\u00e1 ser realizada por el\nusuario seg\u00fan las siguientes condiciones y plazos: <br> a) Hasta el 31 de julio de 2025: devoluci\u00f3n del importe de la inscripci\u00f3n (se\nretendr\u00e1 el 10% del importe en concepto de gastos administrativos).&nbsp;<br>b)\nDel 1 de agosto a 30 de septiembre de 2025: devoluci\u00f3n de la mitad del importe de la\ninscripci\u00f3n (50%);&nbsp;&nbsp;<br>c) A partir del 1 de octubre de 2025 y entradas en\npreventa: no reembolsables<br>\n          <br> La cancelaci\u00f3n o aplazamiento de la carrera STARMAN Portugal - Alentejo puede\nocurrir debido a limitaciones fuera del control de la organizaci\u00f3n, como\npandemias, desastres naturales, huelgas, manifestaciones, imposibilidad de\nutilizar las rutas de tr\u00e1fico, restricciones gubernamentales, entre otros. Si\nel evento se pospone a una fecha que tenga lugar en el mismo a\u00f1o calendario, el\nusuario podr\u00e1 elegir las siguientes opciones: <br>\n          <br> a) Mantener el registro para la nueva fecha en el mismo a\u00f1o calendario;&nbsp;\nb) Solicitar el aplazamiento a la pr\u00f3xima edici\u00f3n;&nbsp; d) Solicitar la\ndevoluci\u00f3n de la inscripci\u00f3n en el plazo de 72 horas desde la comunicaci\u00f3n por\nparte del organizador. Si el usuario no comenta, se mantendr\u00e1 su registro para\nesta edici\u00f3n.&nbsp; Si el evento se cancela y no se lleva a cabo en el a\u00f1o\ncalendario programado, el usuario puede elegir las siguientes opciones: a)\nSolicitar el aplazamiento a la siguiente edici\u00f3n;&nbsp; b) Solicitar la\ndevoluci\u00f3n de la inscripci\u00f3n en el plazo de 72 horas desde la comunicaci\u00f3n por\nparte del organizador. Si el usuario no responde, su registro se mantendr\u00e1 para\nla pr\u00f3xima edici\u00f3n.&nbsp; &nbsp;<br>\n          <br> &nbsp;<b>7. Legislaci\u00f3n aplicable y modificaci\u00f3n de las condiciones generales<\/b> Las condiciones y t\u00e9rminos de uso regular\u00e1n expresamente las relaciones\nsurgidas entre el titular del sitio web starmanporugal.com y los terceros (en\nadelante \"usuarios\") que contraten a trav\u00e9s del sitio web mencionado\nanteriormente.&nbsp; starmanportugal.com podr\u00e1 modificar los presentes t\u00e9rminos\ny condiciones de uso en cualquier momento, encontr\u00e1ndose vigente la versi\u00f3n\npublicada en el momento en que el usuario acceda al sitio, por lo que ser\u00e1\nresponsabilidad del usuario leerla cada vez que realice una compra. &nbsp; En\nsituaciones no previstas en el presente contrato, se aplicar\u00e1, mutatis\nmutandis, el r\u00e9gimen de compraventa de transacciones electr\u00f3nicas y a distancia.\nEste sitio web ha sido creado de acuerdo con la legislaci\u00f3n portuguesa.&nbsp;\n&nbsp;<br>\n          <br> Para cualquier reclamaci\u00f3n, tambi\u00e9n puede hacerlo a trav\u00e9s del libro\nelectr\u00f3nico de reclamaciones disponible en:\nhttps:\/\/www.livroreclamacoes.pt\/inicio En caso de litigio, el consumidor puede\nrecurrir al Centro de Arbitraje de Conflictos de Consumo de Lisboa, con los\nsiguientes contactos: Rua dos Douradores, 116, 2\u00ba | 1100-207 Lisboa Tel: +351\n218 807 030 | Fax: +351 218 807 038 E-mail: juridico@centroarbitragemlisboa.pt\n| director@centroarbitragemlisboa.pt Web: www.centroarbitragemlisboa.pt M\u00e1s\ninformaci\u00f3n en el Sitio del Consumidor www.consumidor.pt Si usted es un\nconsumidor residente en otro Estado miembro de la Uni\u00f3n Europea, por favor\npresente su queja a trav\u00e9s del Centro Europeo del Consumidor.&nbsp; &nbsp; &nbsp; &nbsp;\n        <\/p>\n      <\/div>\n    <\/section>\n    \n    \n    \n    \n    \n  \n","protected":false},"excerpt":{"rendered":"<p>Condiciones Generales &nbsp;1. \u00c1mbito de aplicaci\u00f3n Los t\u00e9rminos y condiciones establecen el marco legal que regula el uso y utilizaci\u00f3n del sitio web starmanportugal.com as\u00ed como los servicios prestados al titular NTREVENTS, Sociedade Unipessoal Lda. Siempre estar\u00e1n disponibles en portugu\u00e9s, en el sitio web ntrevents.pt para su respectiva consulta, archivo o impresi\u00f3n y podr\u00e1n ser &hellip; <a href=\"https:\/\/starmanportugal.com\/es\/termos-e-condicoes\" class=\"more-link\">Continue reading<span class=\"screen-reader-text\"> &#8220;TERMOS E CONDI\u00c7\u00d5ES&#8221;<\/span><\/a><\/p>\n","protected":false},"author":1,"featured_media":0,"parent":0,"menu_order":2,"comment_status":"closed","ping_status":"closed","template":"","meta":{"footnotes":""},"class_list":["post-2321","page","type-page","status-publish","hentry"],"yoast_head":"<!-- This site is optimized with the Yoast SEO plugin v27.1.1 - https:\/\/yoast.com\/product\/yoast-seo-wordpress\/ -->\n<title>TERMOS E CONDI\u00c7\u00d5ES - STARMAN Portugal<\/title>\n<meta name=\"robots\" content=\"index, follow, max-snippet:-1, max-image-preview:large, max-video-preview:-1\" \/>\n<link rel=\"canonical\" href=\"https:\/\/starmanportugal.com\/es\/termos-e-condicoes\" \/>\n<meta property=\"og:locale\" content=\"pt_PT\" \/>\n<meta property=\"og:type\" content=\"article\" \/>\n<meta property=\"og:title\" content=\"TERMOS E CONDI\u00c7\u00d5ES - STARMAN Portugal\" \/>\n<meta property=\"og:description\" content=\"Condiciones Generales &nbsp;1. \u00c1mbito de aplicaci\u00f3n Los t\u00e9rminos y condiciones establecen el marco legal que regula el uso y utilizaci\u00f3n del sitio web starmanportugal.com as\u00ed como los servicios prestados al titular NTREVENTS, Sociedade Unipessoal Lda. Siempre estar\u00e1n disponibles en portugu\u00e9s, en el sitio web ntrevents.pt para su respectiva consulta, archivo o impresi\u00f3n y podr\u00e1n ser &hellip; Continue reading &quot;TERMOS E CONDI\u00c7\u00d5ES&quot;\" \/>\n<meta property=\"og:url\" content=\"https:\/\/starmanportugal.com\/es\/termos-e-condicoes\" \/>\n<meta property=\"og:site_name\" content=\"STARMAN Portugal\" \/>\n<meta property=\"article:publisher\" content=\"https:\/\/www.facebook.com\/STARMANPortugal\/\" \/>\n<meta property=\"article:modified_time\" content=\"2025-07-05T14:32:28+00:00\" \/>\n<meta name=\"twitter:card\" content=\"summary_large_image\" \/>\n<meta name=\"twitter:label1\" content=\"Tempo estimado de leitura\" \/>\n\t<meta name=\"twitter:data1\" content=\"10 minutos\" \/>\n<script type=\"application\/ld+json\" class=\"yoast-schema-graph\">{\"@context\":\"https:\/\/schema.org\",\"@graph\":[{\"@type\":\"WebPage\",\"@id\":\"https:\/\/starmanportugal.com\/es\/termos-e-condicoes\",\"url\":\"https:\/\/starmanportugal.com\/es\/termos-e-condicoes\",\"name\":\"TERMOS E CONDI\u00c7\u00d5ES - STARMAN Portugal\",\"isPartOf\":{\"@id\":\"https:\/\/starmanportugal.com\/es\/#website\"},\"datePublished\":\"2022-03-09T21:46:34+00:00\",\"dateModified\":\"2025-07-05T14:32:28+00:00\",\"breadcrumb\":{\"@id\":\"https:\/\/starmanportugal.com\/es\/termos-e-condicoes#breadcrumb\"},\"inLanguage\":\"pt-PT\",\"potentialAction\":[{\"@type\":\"ReadAction\",\"target\":[\"https:\/\/starmanportugal.com\/es\/termos-e-condicoes\"]}]},{\"@type\":\"BreadcrumbList\",\"@id\":\"https:\/\/starmanportugal.com\/es\/termos-e-condicoes#breadcrumb\",\"itemListElement\":[{\"@type\":\"ListItem\",\"position\":1,\"name\":\"In\u00edcio\",\"item\":\"https:\/\/starmanportugal.com\/es\/\"},{\"@type\":\"ListItem\",\"position\":2,\"name\":\"TERMOS E CONDI\u00c7\u00d5ES\"}]},{\"@type\":\"WebSite\",\"@id\":\"https:\/\/starmanportugal.com\/es\/#website\",\"url\":\"https:\/\/starmanportugal.com\/es\/\",\"name\":\"STARMAN Portugal\",\"description\":\"STARMAN NIGHT TRIATHLON\",\"publisher\":{\"@id\":\"https:\/\/starmanportugal.com\/es\/#organization\"},\"potentialAction\":[{\"@type\":\"SearchAction\",\"target\":{\"@type\":\"EntryPoint\",\"urlTemplate\":\"https:\/\/starmanportugal.com\/es\/?s={search_term_string}\"},\"query-input\":{\"@type\":\"PropertyValueSpecification\",\"valueRequired\":true,\"valueName\":\"search_term_string\"}}],\"inLanguage\":\"pt-PT\"},{\"@type\":\"Organization\",\"@id\":\"https:\/\/starmanportugal.com\/es\/#organization\",\"name\":\"STARMAN Portugal\",\"url\":\"https:\/\/starmanportugal.com\/es\/\",\"logo\":{\"@type\":\"ImageObject\",\"inLanguage\":\"pt-PT\",\"@id\":\"https:\/\/starmanportugal.com\/es\/#\/schema\/logo\/image\/\",\"url\":\"https:\/\/starmanportugal.com\/es\/wp-content\/uploads\/2020\/12\/favicon-1.ico\",\"contentUrl\":\"https:\/\/starmanportugal.com\/es\/wp-content\/uploads\/2020\/12\/favicon-1.ico\",\"width\":48,\"height\":48,\"caption\":\"STARMAN Portugal\"},\"image\":{\"@id\":\"https:\/\/starmanportugal.com\/es\/#\/schema\/logo\/image\/\"},\"sameAs\":[\"https:\/\/www.facebook.com\/STARMANPortugal\/\",\"https:\/\/www.instagram.com\/starman_portugal\/\"]}]}<\/script>\n<!-- \/ Yoast SEO plugin. -->","yoast_head_json":{"title":"TERMOS E CONDI\u00c7\u00d5ES - STARMAN Portugal","robots":{"index":"index","follow":"follow","max-snippet":"max-snippet:-1","max-image-preview":"max-image-preview:large","max-video-preview":"max-video-preview:-1"},"canonical":"https:\/\/starmanportugal.com\/es\/termos-e-condicoes","og_locale":"pt_PT","og_type":"article","og_title":"TERMOS E CONDI\u00c7\u00d5ES - STARMAN Portugal","og_description":"Condiciones Generales &nbsp;1. \u00c1mbito de aplicaci\u00f3n Los t\u00e9rminos y condiciones establecen el marco legal que regula el uso y utilizaci\u00f3n del sitio web starmanportugal.com as\u00ed como los servicios prestados al titular NTREVENTS, Sociedade Unipessoal Lda. Siempre estar\u00e1n disponibles en portugu\u00e9s, en el sitio web ntrevents.pt para su respectiva consulta, archivo o impresi\u00f3n y podr\u00e1n ser &hellip; Continue reading \"TERMOS E CONDI\u00c7\u00d5ES\"","og_url":"https:\/\/starmanportugal.com\/es\/termos-e-condicoes","og_site_name":"STARMAN Portugal","article_publisher":"https:\/\/www.facebook.com\/STARMANPortugal\/","article_modified_time":"2025-07-05T14:32:28+00:00","twitter_card":"summary_large_image","twitter_misc":{"Tempo estimado de leitura":"10 minutos"},"schema":{"@context":"https:\/\/schema.org","@graph":[{"@type":"WebPage","@id":"https:\/\/starmanportugal.com\/es\/termos-e-condicoes","url":"https:\/\/starmanportugal.com\/es\/termos-e-condicoes","name":"TERMOS E CONDI\u00c7\u00d5ES - STARMAN Portugal","isPartOf":{"@id":"https:\/\/starmanportugal.com\/es\/#website"},"datePublished":"2022-03-09T21:46:34+00:00","dateModified":"2025-07-05T14:32:28+00:00","breadcrumb":{"@id":"https:\/\/starmanportugal.com\/es\/termos-e-condicoes#breadcrumb"},"inLanguage":"pt-PT","potentialAction":[{"@type":"ReadAction","target":["https:\/\/starmanportugal.com\/es\/termos-e-condicoes"]}]},{"@type":"BreadcrumbList","@id":"https:\/\/starmanportugal.com\/es\/termos-e-condicoes#breadcrumb","itemListElement":[{"@type":"ListItem","position":1,"name":"In\u00edcio","item":"https:\/\/starmanportugal.com\/es\/"},{"@type":"ListItem","position":2,"name":"TERMOS E CONDI\u00c7\u00d5ES"}]},{"@type":"WebSite","@id":"https:\/\/starmanportugal.com\/es\/#website","url":"https:\/\/starmanportugal.com\/es\/","name":"STARMAN Portugal","description":"STARMAN NIGHT TRIATHLON","publisher":{"@id":"https:\/\/starmanportugal.com\/es\/#organization"},"potentialAction":[{"@type":"SearchAction","target":{"@type":"EntryPoint","urlTemplate":"https:\/\/starmanportugal.com\/es\/?s={search_term_string}"},"query-input":{"@type":"PropertyValueSpecification","valueRequired":true,"valueName":"search_term_string"}}],"inLanguage":"pt-PT"},{"@type":"Organization","@id":"https:\/\/starmanportugal.com\/es\/#organization","name":"STARMAN Portugal","url":"https:\/\/starmanportugal.com\/es\/","logo":{"@type":"ImageObject","inLanguage":"pt-PT","@id":"https:\/\/starmanportugal.com\/es\/#\/schema\/logo\/image\/","url":"https:\/\/starmanportugal.com\/es\/wp-content\/uploads\/2020\/12\/favicon-1.ico","contentUrl":"https:\/\/starmanportugal.com\/es\/wp-content\/uploads\/2020\/12\/favicon-1.ico","width":48,"height":48,"caption":"STARMAN Portugal"},"image":{"@id":"https:\/\/starmanportugal.com\/es\/#\/schema\/logo\/image\/"},"sameAs":["https:\/\/www.facebook.com\/STARMANPortugal\/","https:\/\/www.instagram.com\/starman_portugal\/"]}]}},"_links":{"self":[{"href":"https:\/\/starmanportugal.com\/es\/wp-json\/wp\/v2\/pages\/2321","targetHints":{"allow":["GET"]}}],"collection":[{"href":"https:\/\/starmanportugal.com\/es\/wp-json\/wp\/v2\/pages"}],"about":[{"href":"https:\/\/starmanportugal.com\/es\/wp-json\/wp\/v2\/types\/page"}],"author":[{"embeddable":true,"href":"https:\/\/starmanportugal.com\/es\/wp-json\/wp\/v2\/users\/1"}],"replies":[{"embeddable":true,"href":"https:\/\/starmanportugal.com\/es\/wp-json\/wp\/v2\/comments?post=2321"}],"version-history":[{"count":9,"href":"https:\/\/starmanportugal.com\/es\/wp-json\/wp\/v2\/pages\/2321\/revisions"}],"predecessor-version":[{"id":4611,"href":"https:\/\/starmanportugal.com\/es\/wp-json\/wp\/v2\/pages\/2321\/revisions\/4611"}],"wp:attachment":[{"href":"https:\/\/starmanportugal.com\/es\/wp-json\/wp\/v2\/media?parent=2321"}],"curies":[{"name":"wp","href":"https:\/\/api.w.org\/{rel}","templated":true}]}}